{"id":1798,"date":"2019-03-29T16:10:56","date_gmt":"2019-03-29T19:10:56","guid":{"rendered":"http:\/\/www.inmobiliarialozano.com.ar\/?page_id=1798"},"modified":"2019-04-23T20:16:53","modified_gmt":"2019-04-23T23:16:53","slug":"estudio-juridico","status":"publish","type":"page","link":"https:\/\/www.inmobiliarialozano.com.ar\/?page_id=1798","title":{"rendered":"Estudio Jur\u00eddico"},"content":{"rendered":"<p>LOZANO Estudio Jur\u00eddico es un Estudio reconocido en C\u00f3rdoba por su profesionalismo, especializaci\u00f3n, dedicaci\u00f3n para atender los requerimientos y las necesidades de sus clientes.<\/p>\n<p>El Estudio mantiene un compromiso especial con los intereses de sus clientes prestando un asesoramiento jur\u00eddico integral aportando s\u00f3lidos conocimientos jur\u00eddicos en negociaciones, litigios y cuestiones jur\u00eddicas complejas.<\/p>\n<p>Desde sus inicios el Estudio ha asesorado y representa a reconocidas firmas locales y multinacionales brindando un servicio de excelencia. Nos caracteriza el trato fluido y directo con nuestros clientes.<\/p>\n<p>Nos preocupamos por explicar el derecho as\u00ed como los procesos judiciales y extrajudiciales, paso por paso, generando confianza y fidelidad en nuestros clientes. Para ello, nos dedicamos de lleno a la tarea encomendada de\u00a0manera \u00edntegra y con una atenci\u00f3n permanente.<\/p>\n<p>Hoy cuenta con profesionales dedicados a las diversas especialidades del derecho, con el objetivo de dar respuesta a los problemas legales que le plantean clientes particulares, empresas o instituciones privadas o p\u00fablicas.<\/p>\n<p>Los Servicios de Asesoramiento Integral y Resoluci\u00f3n de Conflictos que ofrecemos son:<\/p>\n<p><strong><u>DERECHO CIVIL Y COMERCIAL:<\/u><\/strong><\/p>\n<ul>\n<li>Derecho Civil y Comercial en General.<\/li>\n<li>Contratos en general.<\/li>\n<li>Desalojos.<\/li>\n<li>Responsabilidad Civil.<\/li>\n<li>Da\u00f1os y perjuicios.<\/li>\n<\/ul>\n<p><strong><u>DERECHO DE LAS SUCESIONES:<\/u><\/strong><\/p>\n<ul>\n<li>Declaratoria de Herederos.<\/li>\n<li>Sucesiones y Testamentos.<\/li>\n<\/ul>\n<p><strong><u>DERECHO EJECUTIVO:<\/u><\/strong><\/p>\n<ul>\n<li>Cobro de Deuda y Ejecuciones.<\/li>\n<\/ul>\n<p><strong><u>DERECHO LABORAL: <\/u><\/strong><\/p>\n<ul>\n<li>Accidentes laborales.<\/li>\n<li>Enfermedades laborales.<\/li>\n<li>Despidos.<\/li>\n<li>Diferencia de Haberes.<\/li>\n<\/ul>\n","protected":false},"excerpt":{"rendered":"<p>LOZANO Estudio Jur\u00eddico es un Estudio reconocido en C\u00f3rdoba por su profesionalismo, especializaci\u00f3n, dedicaci\u00f3n para atender los requerimientos y las necesidades de sus clientes. El Estudio mantiene un compromiso especial con los intereses de sus clientes prestando un asesoramiento jur\u00eddico integral aportando s\u00f3lidos conocimientos jur\u00eddicos en negociaciones, litigios y cuestiones jur\u00eddicas complejas. Desde sus inicios [&hellip;]<\/p>\n","protected":false},"author":4,"featured_media":0,"parent":0,"menu_order":2,"comment_status":"closed","ping_status":"closed","template":"","meta":{"_acf_changed":false,"footnotes":""},"class_list":["post-1798","page","type-page","status-publish","hentry"],"acf":[],"_links":{"self":[{"href":"https:\/\/www.inmobiliarialozano.com.ar\/index.php?rest_route=\/wp\/v2\/pages\/1798","targetHints":{"allow":["GET"]}}],"collection":[{"href":"https:\/\/www.inmobiliarialozano.com.ar\/index.php?rest_route=\/wp\/v2\/pages"}],"about":[{"href":"https:\/\/www.inmobiliarialozano.com.ar\/index.php?rest_route=\/wp\/v2\/types\/page"}],"author":[{"embeddable":true,"href":"https:\/\/www.inmobiliarialozano.com.ar\/index.php?rest_route=\/wp\/v2\/users\/4"}],"replies":[{"embeddable":true,"href":"https:\/\/www.inmobiliarialozano.com.ar\/index.php?rest_route=%2Fwp%2Fv2%2Fcomments&post=1798"}],"version-history":[{"count":2,"href":"https:\/\/www.inmobiliarialozano.com.ar\/index.php?rest_route=\/wp\/v2\/pages\/1798\/revisions"}],"predecessor-version":[{"id":1804,"href":"https:\/\/www.inmobiliarialozano.com.ar\/index.php?rest_route=\/wp\/v2\/pages\/1798\/revisions\/1804"}],"wp:attachment":[{"href":"https:\/\/www.inmobiliarialozano.com.ar\/index.php?rest_route=%2Fwp%2Fv2%2Fmedia&parent=1798"}],"curies":[{"name":"wp","href":"https:\/\/api.w.org\/{rel}","templated":true}]}}