{"id":188,"date":"2015-01-08T13:22:49","date_gmt":"2015-01-08T16:22:49","guid":{"rendered":"http:\/\/127.0.0.1\/raizen\/?page_id=188"},"modified":"2019-04-18T16:28:07","modified_gmt":"2019-04-18T19:28:07","slug":"nuestra-empresa","status":"publish","type":"page","link":"https:\/\/www.inmobiliarialozano.com.ar\/?page_id=188","title":{"rendered":"Quienes Somos"},"content":{"rendered":"<p>Lozano Inmobiliaria &#8211; Estudio Jur\u00eddico, es una empresa familiar fundada en 1976 en la ciudad de C\u00f3rdoba, empresa en la cual conf\u00edan miles de personas que nos han conocido durante todos estos a\u00f1os que llevamos en el mercado Inmobiliario, y conocen de nuestra honestidad, trayectoria y vocaci\u00f3n de servicios. Todas estas personas se han dado cuenta con el tiempo que quienes trabajan en nuestra oficina no buscan un r\u00e9dito econ\u00f3mico como principal objetivo, si no trascender mas all\u00e1 de los a\u00f1os como un grupo humano que lucha d\u00eda a d\u00eda en post del beneficio y el bienestar de sus clientes.<\/p>\n<p>Nuestra empresa act\u00faa en el mercado Inmobiliario en todo tipo de transacciones Inmobiliarias, siempre resguardando el patrimonio de nuestros clientes.<br \/>\nNuestro objetivo es garantizar el mejor servicio, la mejor calidad y el mejor precio en todo tipo de operaciones de bienes ra\u00edces.<\/p>\n<p>Hoy Lozano Inmobiliaria es una empresa s\u00f3lida, l\u00edder en el mercado de bienes ra\u00edces con un grupo de trabajo compuesto por profesionales de primer nivel.<\/p>\n<p>Estamos seguros de que lo m\u00e1s importante que posee nuestra empresa es que hoy, luego de tantos a\u00f1os de trabajo, seguimos con las mismas fuerzas y ganas que cuando empezamos, con personas que, como nosotros comparten el sue\u00f1o de realizar obras perdurables, de invertir no solo en la b\u00fasqueda de rentabilidad, sino tambi\u00e9n en constituir el bienestar de todos los dem\u00e1s.<\/p>\n<p>En nuestra empresa usted puede encontrar el bien inmueble necesario para cumplir su sue\u00f1o, a\u00f1orado por tanto tiempo, o en su defecto la mejor inversi\u00f3n.<br \/>\nDesde nuestros comienzos y hasta hoy la consigna que mantenemos es: \u201cUna empresa familiar en la que usted puede confiar\u201d.<\/p>\n<p>Su casa es demasiado importante, depos\u00edtela en manos de profesionales.<br \/>\nRecuerde: No somos una Inmobiliaria\u2026 Somos su Inmobiliaria.<\/p>\n","protected":false},"excerpt":{"rendered":"<p>Lozano Inmobiliaria &#8211; Estudio Jur\u00eddico, es una empresa familiar fundada en 1976 en la ciudad de C\u00f3rdoba, empresa en la cual conf\u00edan miles de personas que nos han conocido durante todos estos a\u00f1os que llevamos en el mercado Inmobiliario, y conocen de nuestra honestidad, trayectoria y vocaci\u00f3n de servicios. Todas estas personas se han dado [&hellip;]<\/p>\n","protected":false},"author":4,"featured_media":0,"parent":0,"menu_order":4,"comment_status":"open","ping_status":"closed","template":"","meta":{"_acf_changed":false,"footnotes":""},"class_list":["post-188","page","type-page","status-publish","hentry"],"acf":[],"_links":{"self":[{"href":"https:\/\/www.inmobiliarialozano.com.ar\/index.php?rest_route=\/wp\/v2\/pages\/188","targetHints":{"allow":["GET"]}}],"collection":[{"href":"https:\/\/www.inmobiliarialozano.com.ar\/index.php?rest_route=\/wp\/v2\/pages"}],"about":[{"href":"https:\/\/www.inmobiliarialozano.com.ar\/index.php?rest_route=\/wp\/v2\/types\/page"}],"author":[{"embeddable":true,"href":"https:\/\/www.inmobiliarialozano.com.ar\/index.php?rest_route=\/wp\/v2\/users\/4"}],"replies":[{"embeddable":true,"href":"https:\/\/www.inmobiliarialozano.com.ar\/index.php?rest_route=%2Fwp%2Fv2%2Fcomments&post=188"}],"version-history":[{"count":14,"href":"https:\/\/www.inmobiliarialozano.com.ar\/index.php?rest_route=\/wp\/v2\/pages\/188\/revisions"}],"predecessor-version":[{"id":1803,"href":"https:\/\/www.inmobiliarialozano.com.ar\/index.php?rest_route=\/wp\/v2\/pages\/188\/revisions\/1803"}],"wp:attachment":[{"href":"https:\/\/www.inmobiliarialozano.com.ar\/index.php?rest_route=%2Fwp%2Fv2%2Fmedia&parent=188"}],"curies":[{"name":"wp","href":"https:\/\/api.w.org\/{rel}","templated":true}]}}